{"id":6372,"date":"2024-08-26T17:03:30","date_gmt":"2024-08-26T17:03:30","guid":{"rendered":"https:\/\/www.dimora.galleriaellebi.com\/?page_id=6372"},"modified":"2024-08-26T17:03:32","modified_gmt":"2024-08-26T17:03:32","slug":"condizione-di-prenotazione","status":"publish","type":"page","link":"https:\/\/www.dimora.galleriaellebi.com\/en\/condizione-di-prenotazione\/","title":{"rendered":"Condizione di prenotazione"},"content":{"rendered":"<div data-elementor-type=\"wp-page\" data-elementor-id=\"6372\" class=\"elementor elementor-6372\">\n\t\t\t\t\t\t\t<div class=\"elementor-element elementor-element-21a57168 e-flex e-con-boxed e-con e-parent\" data-id=\"21a57168\" data-element_type=\"container\" data-settings=\"{&quot;content_width&quot;:&quot;boxed&quot;}\" data-core-v316-plus=\"true\">\n\t\t\t\t\t<div class=\"e-con-inner\">\n\t\t\t\t<div class=\"elementor-element elementor-element-756c8735 elementor-widget elementor-widget-text-editor\" data-id=\"756c8735\" data-element_type=\"widget\" data-widget_type=\"text-editor.default\">\n\t\t\t\t<div class=\"elementor-widget-container\">\n\t\t\t<style>\/*! elementor - v3.17.0 - 08-11-2023 *\/\n.elementor-widget-text-editor.elementor-drop-cap-view-stacked .elementor-drop-cap{background-color:#69727d;color:#fff}.elementor-widget-text-editor.elementor-drop-cap-view-framed .elementor-drop-cap{color:#69727d;border:3px solid;background-color:transparent}.elementor-widget-text-editor:not(.elementor-drop-cap-view-default) .elementor-drop-cap{margin-top:8px}.elementor-widget-text-editor:not(.elementor-drop-cap-view-default) .elementor-drop-cap-letter{width:1em;height:1em}.elementor-widget-text-editor .elementor-drop-cap{float:left;text-align:center;line-height:1;font-size:50px}.elementor-widget-text-editor .elementor-drop-cap-letter{display:inline-block}<\/style>\t\t\t\t<p><!-- wp:heading --><\/p>\n<h3>Modalit\u00e0 di Pagamento<\/h3>\n<div id=\"sum-payment-policy\" class=\"user\">\n<p>Tariffa Standard:<\/p>\n<p>Non verr\u00e0 addebitato alcun importo al momento della prenotazione ma \u00e8 richiesto il prepagamento di un importo pari al valore della prima notte di soggiorno allo scadere del termine per la cancellazione gratuita.<\/p>\n<p>Non-refundable Rate:<\/p>\n<p>verr\u00e0 addebitato l&#8217;importo al momento della prenotazione ed \u00e8 richiesto il pagamento dell&#8217;intero importo pari al valore di tutte le notti del soggiorno in caso di cancellazione o modifica\u00a0 la cancellazione non \u00e8 rimborsabile.<\/p>\n<\/div>\n<h3>Condizioni di Cancellazione<\/h3>\n<div id=\"sum-cancel-policy\"><b>La cancellazione gratuita per tariffa standard non \u00e8 piu disponibile.<\/b><\/div>\n<div id=\"sum-cancel-penalty\" class=\"user\">\n<p>Cancellazioni pervenute sino ad 2 giorni prima della data di arrivo non comportanno l&#8217;addebito di alcuna penalit\u00e0.<\/p>\n<p>Cancellazioni ricevute oltre tale termine comporteranno l&#8217;addebito di una penale, pari al costo della prima notte della prenotazione cancellata.<\/p>\n<\/div>\n<h3>Termini &amp; Condizioni della Prenotazione<\/h3>\n<div class=\"user\">\n<p>Tassa di soggiorno<\/p>\n<p>La tassa di soggiorno non \u00e8 inclusa nella tariffa e dovr\u00e0 essere pagata separatamente con voce separata nel riepilogo conferma prenotazione, per un importo pari a 2 euro per persona a notte.<\/p>\n<p>Tariffe Non Commissionabili<\/p>\n<p>Tutte le tariffe NON SONO COMMISSIONABILI per le agenzie e corrispondono al totale da pagare in hotel al termine del Vostro soggiorno.<\/p>\n<p>Legge sulla privacy<br \/>Nel rispetto dell&#8217;art. 13 D.Lgs 196\/03 si informa che: Con l&#8217;invio del presente modulo l&#8217;utente dichiara di essere a conoscenza dell&#8217;informativa sulla privacy (art. 13 D.Lgs 196\/03) e autorizza i propri dati da trattare nei modi e per le finalit\u00e0 ivi indicati.<\/p>\n<p>I dati qui raccolti vengono utilizzati esclusivamente per soddisfare le esigenze del servizio richiesto. Tali informazioni potranno essere utilizzate solo dal personale preposto a tale attivit\u00e0 e divulgate solo nell&#8217;ambito e alle finalit\u00e0 del servizio fornito.<\/p>\n<p>Offerte Speciali Future<br \/>La Dimora D&#8217;arte potrebbe contattarVi in futuro per informazioni in merito ad offerte speciali. Se non desiderate essere contattati in futuro, siete pregeti di comunicarlo al momento della prenotazione.<\/p>\n<\/div>\n<h3>Politica di check-in<\/h3>\n<p>Orario di arrivo: 14:00<br \/>Orario di partenza: 10:00<\/p>\n<p><!-- \/wp:paragraph --><\/p>\t\t\t\t\t\t<\/div>\n\t\t\t\t<\/div>\n\t\t\t\t\t<\/div>\n\t\t\t\t<\/div>\n\t\t\t\t\t\t\t<\/div>","protected":false},"excerpt":{"rendered":"<p>Modalit\u00e0 di Pagamento Tariffa Standard: Non verr\u00e0 addebitato alcun importo al momento della prenotazione ma \u00e8 richiesto il prepagamento di un importo pari al valore della prima notte di soggiorno allo scadere del termine per la cancellazione gratuita. Non-refundable Rate: verr\u00e0 addebitato l&#8217;importo al momento della prenotazione ed \u00e8 richiesto il pagamento dell&#8217;intero importo pari [&hellip;]<\/p>","protected":false},"author":1,"featured_media":0,"parent":0,"menu_order":0,"comment_status":"closed","ping_status":"closed","template":"","meta":{"ngg_post_thumbnail":0,"footnotes":""},"class_list":["post-6372","page","type-page","status-publish","hentry","post-no-thumbnail"],"yoast_head":"<!-- This site is optimized with the Yoast SEO plugin v26.4 - https:\/\/yoast.com\/wordpress\/plugins\/seo\/ -->\n<title>Condizione di prenotazione - Ellebi Galleria e Dimora D&#039;arte<\/title>\n<meta name=\"robots\" content=\"index, follow, max-snippet:-1, max-image-preview:large, max-video-preview:-1\" \/>\n<link rel=\"canonical\" href=\"https:\/\/www.dimora.galleriaellebi.com\/en\/condizione-di-prenotazione\/\" \/>\n<meta property=\"og:locale\" content=\"en_GB\" \/>\n<meta property=\"og:type\" content=\"article\" \/>\n<meta property=\"og:title\" content=\"Condizione di prenotazione - Ellebi Galleria e Dimora D&#039;arte\" \/>\n<meta property=\"og:description\" content=\"Modalit\u00e0 di Pagamento Tariffa Standard: Non verr\u00e0 addebitato alcun importo al momento della prenotazione ma \u00e8 richiesto il prepagamento di un importo pari al valore della prima notte di soggiorno allo scadere del termine per la cancellazione gratuita. Non-refundable Rate: verr\u00e0 addebitato l&#8217;importo al momento della prenotazione ed \u00e8 richiesto il pagamento dell&#8217;intero importo pari [&hellip;]\" \/>\n<meta property=\"og:url\" content=\"https:\/\/www.dimora.galleriaellebi.com\/en\/condizione-di-prenotazione\/\" \/>\n<meta property=\"og:site_name\" content=\"Ellebi Galleria e Dimora D&#039;arte\" \/>\n<meta property=\"article:publisher\" content=\"https:\/\/www.facebook.com\/galleriaellebi\" \/>\n<meta property=\"article:modified_time\" content=\"2024-08-26T17:03:32+00:00\" \/>\n<meta name=\"twitter:card\" content=\"summary_large_image\" \/>\n<meta name=\"twitter:label1\" content=\"Estimated reading time\" \/>\n\t<meta name=\"twitter:data1\" content=\"2 minutes\" \/>\n<script type=\"application\/ld+json\" class=\"yoast-schema-graph\">{\"@context\":\"https:\/\/schema.org\",\"@graph\":[{\"@type\":\"WebPage\",\"@id\":\"https:\/\/www.dimora.galleriaellebi.com\/condizione-di-prenotazione\/\",\"url\":\"https:\/\/www.dimora.galleriaellebi.com\/condizione-di-prenotazione\/\",\"name\":\"Condizione di prenotazione - Ellebi Galleria e Dimora D&#039;arte\",\"isPartOf\":{\"@id\":\"https:\/\/www.dimora.galleriaellebi.com\/#website\"},\"datePublished\":\"2024-08-26T17:03:30+00:00\",\"dateModified\":\"2024-08-26T17:03:32+00:00\",\"breadcrumb\":{\"@id\":\"https:\/\/www.dimora.galleriaellebi.com\/condizione-di-prenotazione\/#breadcrumb\"},\"inLanguage\":\"en-GB\",\"potentialAction\":[{\"@type\":\"ReadAction\",\"target\":[\"https:\/\/www.dimora.galleriaellebi.com\/condizione-di-prenotazione\/\"]}]},{\"@type\":\"BreadcrumbList\",\"@id\":\"https:\/\/www.dimora.galleriaellebi.com\/condizione-di-prenotazione\/#breadcrumb\",\"itemListElement\":[{\"@type\":\"ListItem\",\"position\":1,\"name\":\"Home\",\"item\":\"https:\/\/www.dimora.galleriaellebi.com\/\"},{\"@type\":\"ListItem\",\"position\":2,\"name\":\"Condizione di prenotazione\"}]},{\"@type\":\"WebSite\",\"@id\":\"https:\/\/www.dimora.galleriaellebi.com\/#website\",\"url\":\"https:\/\/www.dimora.galleriaellebi.com\/\",\"name\":\"Ellebi Galleria e Dimora D'arte\",\"description\":\"\",\"publisher\":{\"@id\":\"https:\/\/www.dimora.galleriaellebi.com\/#organization\"},\"potentialAction\":[{\"@type\":\"SearchAction\",\"target\":{\"@type\":\"EntryPoint\",\"urlTemplate\":\"https:\/\/www.dimora.galleriaellebi.com\/?s={search_term_string}\"},\"query-input\":{\"@type\":\"PropertyValueSpecification\",\"valueRequired\":true,\"valueName\":\"search_term_string\"}}],\"inLanguage\":\"en-GB\"},{\"@type\":\"Organization\",\"@id\":\"https:\/\/www.dimora.galleriaellebi.com\/#organization\",\"name\":\"Ellebi Galleria e Dimora D'arte\",\"url\":\"https:\/\/www.dimora.galleriaellebi.com\/\",\"logo\":{\"@type\":\"ImageObject\",\"inLanguage\":\"en-GB\",\"@id\":\"https:\/\/www.dimora.galleriaellebi.com\/#\/schema\/logo\/image\/\",\"url\":\"https:\/\/www.dimora.galleriaellebi.com\/wp-content\/uploads\/2023\/12\/Ellebi-01-Artboard-1.png\",\"contentUrl\":\"https:\/\/www.dimora.galleriaellebi.com\/wp-content\/uploads\/2023\/12\/Ellebi-01-Artboard-1.png\",\"width\":333,\"height\":96,\"caption\":\"Ellebi Galleria e Dimora D'arte\"},\"image\":{\"@id\":\"https:\/\/www.dimora.galleriaellebi.com\/#\/schema\/logo\/image\/\"},\"sameAs\":[\"https:\/\/www.facebook.com\/galleriaellebi\",\"https:\/\/www.instagram.com\/ellebigallery\/?hl=it\"]}]}<\/script>\n<!-- \/ Yoast SEO plugin. -->","yoast_head_json":{"title":"Condizione di prenotazione - Ellebi Galleria e Dimora D&#039;arte","robots":{"index":"index","follow":"follow","max-snippet":"max-snippet:-1","max-image-preview":"max-image-preview:large","max-video-preview":"max-video-preview:-1"},"canonical":"https:\/\/www.dimora.galleriaellebi.com\/en\/condizione-di-prenotazione\/","og_locale":"en_GB","og_type":"article","og_title":"Condizione di prenotazione - Ellebi Galleria e Dimora D&#039;arte","og_description":"Modalit\u00e0 di Pagamento Tariffa Standard: Non verr\u00e0 addebitato alcun importo al momento della prenotazione ma \u00e8 richiesto il prepagamento di un importo pari al valore della prima notte di soggiorno allo scadere del termine per la cancellazione gratuita. Non-refundable Rate: verr\u00e0 addebitato l&#8217;importo al momento della prenotazione ed \u00e8 richiesto il pagamento dell&#8217;intero importo pari [&hellip;]","og_url":"https:\/\/www.dimora.galleriaellebi.com\/en\/condizione-di-prenotazione\/","og_site_name":"Ellebi Galleria e Dimora D&#039;arte","article_publisher":"https:\/\/www.facebook.com\/galleriaellebi","article_modified_time":"2024-08-26T17:03:32+00:00","twitter_card":"summary_large_image","twitter_misc":{"Estimated reading time":"2 minutes"},"schema":{"@context":"https:\/\/schema.org","@graph":[{"@type":"WebPage","@id":"https:\/\/www.dimora.galleriaellebi.com\/condizione-di-prenotazione\/","url":"https:\/\/www.dimora.galleriaellebi.com\/condizione-di-prenotazione\/","name":"Condizione di prenotazione - Ellebi Galleria e Dimora D&#039;arte","isPartOf":{"@id":"https:\/\/www.dimora.galleriaellebi.com\/#website"},"datePublished":"2024-08-26T17:03:30+00:00","dateModified":"2024-08-26T17:03:32+00:00","breadcrumb":{"@id":"https:\/\/www.dimora.galleriaellebi.com\/condizione-di-prenotazione\/#breadcrumb"},"inLanguage":"en-GB","potentialAction":[{"@type":"ReadAction","target":["https:\/\/www.dimora.galleriaellebi.com\/condizione-di-prenotazione\/"]}]},{"@type":"BreadcrumbList","@id":"https:\/\/www.dimora.galleriaellebi.com\/condizione-di-prenotazione\/#breadcrumb","itemListElement":[{"@type":"ListItem","position":1,"name":"Home","item":"https:\/\/www.dimora.galleriaellebi.com\/"},{"@type":"ListItem","position":2,"name":"Condizione di prenotazione"}]},{"@type":"WebSite","@id":"https:\/\/www.dimora.galleriaellebi.com\/#website","url":"https:\/\/www.dimora.galleriaellebi.com\/","name":"Ellebi Galleria e Dimora D'arte","description":"","publisher":{"@id":"https:\/\/www.dimora.galleriaellebi.com\/#organization"},"potentialAction":[{"@type":"SearchAction","target":{"@type":"EntryPoint","urlTemplate":"https:\/\/www.dimora.galleriaellebi.com\/?s={search_term_string}"},"query-input":{"@type":"PropertyValueSpecification","valueRequired":true,"valueName":"search_term_string"}}],"inLanguage":"en-GB"},{"@type":"Organization","@id":"https:\/\/www.dimora.galleriaellebi.com\/#organization","name":"Ellebi Galleria e Dimora D'arte","url":"https:\/\/www.dimora.galleriaellebi.com\/","logo":{"@type":"ImageObject","inLanguage":"en-GB","@id":"https:\/\/www.dimora.galleriaellebi.com\/#\/schema\/logo\/image\/","url":"https:\/\/www.dimora.galleriaellebi.com\/wp-content\/uploads\/2023\/12\/Ellebi-01-Artboard-1.png","contentUrl":"https:\/\/www.dimora.galleriaellebi.com\/wp-content\/uploads\/2023\/12\/Ellebi-01-Artboard-1.png","width":333,"height":96,"caption":"Ellebi Galleria e Dimora D'arte"},"image":{"@id":"https:\/\/www.dimora.galleriaellebi.com\/#\/schema\/logo\/image\/"},"sameAs":["https:\/\/www.facebook.com\/galleriaellebi","https:\/\/www.instagram.com\/ellebigallery\/?hl=it"]}]}},"_links":{"self":[{"href":"https:\/\/www.dimora.galleriaellebi.com\/en\/wp-json\/wp\/v2\/pages\/6372","targetHints":{"allow":["GET"]}}],"collection":[{"href":"https:\/\/www.dimora.galleriaellebi.com\/en\/wp-json\/wp\/v2\/pages"}],"about":[{"href":"https:\/\/www.dimora.galleriaellebi.com\/en\/wp-json\/wp\/v2\/types\/page"}],"author":[{"embeddable":true,"href":"https:\/\/www.dimora.galleriaellebi.com\/en\/wp-json\/wp\/v2\/users\/1"}],"replies":[{"embeddable":true,"href":"https:\/\/www.dimora.galleriaellebi.com\/en\/wp-json\/wp\/v2\/comments?post=6372"}],"version-history":[{"count":12,"href":"https:\/\/www.dimora.galleriaellebi.com\/en\/wp-json\/wp\/v2\/pages\/6372\/revisions"}],"predecessor-version":[{"id":6409,"href":"https:\/\/www.dimora.galleriaellebi.com\/en\/wp-json\/wp\/v2\/pages\/6372\/revisions\/6409"}],"wp:attachment":[{"href":"https:\/\/www.dimora.galleriaellebi.com\/en\/wp-json\/wp\/v2\/media?parent=6372"}],"curies":[{"name":"wp","href":"https:\/\/api.w.org\/{rel}","templated":true}]}}